{"id":8,"date":"2019-07-11T21:44:32","date_gmt":"2019-07-11T19:44:32","guid":{"rendered":"http:\/\/mgsysteme.be\/?page_id=8"},"modified":"2021-02-10T20:01:44","modified_gmt":"2021-02-10T19:01:44","slug":"accueil","status":"publish","type":"page","link":"https:\/\/mgsysteme.be\/","title":{"rendered":"Accueil"},"content":{"rendered":"<p>Cr\u00e9\u00e9 en 2014, MG Systeme Sprl est une soci\u00e9t\u00e9 familiale et dynamique sp\u00e9cialis\u00e9 dans le domaine de la s\u00e9curit\u00e9 \u00e9lectronique.<\/p>\n<p>Nous sommes agr\u00e9\u00e9s au minist\u00e8re de l&rsquo;int\u00e9rieur en tant qu&rsquo;installateur, concepteur de syst\u00e8me d&rsquo;alarme et de cam\u00e9ra de surveillance.<\/p>\n<p>Nous mettons une attention particuli\u00e8re \u00e0 la satisfaction de nos clients et vous accompagnons dans tous vos projets de s\u00e9curisation.<\/p>\n<p>Pour vous garantir un service optimal, nous travaillons avec des produits fiables et de qualit\u00e9 pour chaque type d\u2019installation de protection et de surveillance.<\/p>\n<p><strong>Pourquoi travailler avec nous:<\/strong><\/p>\n<p>\u00a0<\/p>\n<p><img loading=\"lazy\" class=\"alignnone  wp-image-197\" src=\"https:\/\/mgsysteme.be\/wp-content\/uploads\/2021\/02\/banniere-300x43.png\" alt=\"\" width=\"586\" height=\"84\" srcset=\"https:\/\/mgsysteme.be\/wp-content\/uploads\/2021\/02\/banniere-300x43.png 300w, https:\/\/mgsysteme.be\/wp-content\/uploads\/2021\/02\/banniere-1024x146.png 1024w, https:\/\/mgsysteme.be\/wp-content\/uploads\/2021\/02\/banniere-768x110.png 768w, https:\/\/mgsysteme.be\/wp-content\/uploads\/2021\/02\/banniere.png 1050w\" sizes=\"(max-width: 586px) 100vw, 586px\" \/><\/p>\n<p>\u00a0<\/p>\n\n\n<p><\/p>\n","protected":false},"excerpt":{"rendered":"<p>Cr\u00e9\u00e9 en 2014, MG Systeme Sprl est une soci\u00e9t\u00e9 familiale et dynamique sp\u00e9cialis\u00e9 dans le domaine de la s\u00e9curit\u00e9 \u00e9lectronique. Nous sommes agr\u00e9\u00e9s au minist\u00e8re de l&rsquo;int\u00e9rieur en tant qu&rsquo;installateur, concepteur de syst\u00e8me d&rsquo;alarme et de cam\u00e9ra de surveillance. Nous mettons une attention particuli\u00e8re \u00e0 la satisfaction de nos clients et vous accompagnons dans tous [&hellip;]<\/p>\n","protected":false},"author":1,"featured_media":0,"parent":0,"menu_order":0,"comment_status":"closed","ping_status":"closed","template":"","meta":[],"_links":{"self":[{"href":"https:\/\/mgsysteme.be\/index.php\/wp-json\/wp\/v2\/pages\/8"}],"collection":[{"href":"https:\/\/mgsysteme.be\/index.php\/wp-json\/wp\/v2\/pages"}],"about":[{"href":"https:\/\/mgsysteme.be\/index.php\/wp-json\/wp\/v2\/types\/page"}],"author":[{"embeddable":true,"href":"https:\/\/mgsysteme.be\/index.php\/wp-json\/wp\/v2\/users\/1"}],"replies":[{"embeddable":true,"href":"https:\/\/mgsysteme.be\/index.php\/wp-json\/wp\/v2\/comments?post=8"}],"version-history":[{"count":11,"href":"https:\/\/mgsysteme.be\/index.php\/wp-json\/wp\/v2\/pages\/8\/revisions"}],"predecessor-version":[{"id":203,"href":"https:\/\/mgsysteme.be\/index.php\/wp-json\/wp\/v2\/pages\/8\/revisions\/203"}],"wp:attachment":[{"href":"https:\/\/mgsysteme.be\/index.php\/wp-json\/wp\/v2\/media?parent=8"}],"curies":[{"name":"wp","href":"https:\/\/api.w.org\/{rel}","templated":true}]}}