{"id":183,"date":"2021-02-10T19:01:42","date_gmt":"2021-02-10T18:01:42","guid":{"rendered":"http:\/\/mgsysteme.be\/?page_id=183"},"modified":"2021-02-10T20:00:11","modified_gmt":"2021-02-10T19:00:11","slug":"incendie","status":"publish","type":"page","link":"https:\/\/mgsysteme.be\/index.php\/services\/incendie\/","title":{"rendered":"Incendie"},"content":{"rendered":"\n<p>MG syst\u00e8me sprl, vous propose des installations de d\u00e9tections incendie de haute fiabilit\u00e9 et de qualit\u00e9 pour les habitations, les entreprises et ou encore vos g\u00eetes de vacances.<\/p>\n\n\n\n<p>Nous travaillons principalement avec la marque Inim, qui poss\u00e8de plus de 20ans d\u2019exp\u00e9rience dans le domaine de la s\u00e9curit\u00e9 incendie.&nbsp;<\/p>\n\n\n\n<p>Notre mat\u00e9riel est agr\u00e9\u00e9 Bosec, r\u00e9pondant \u00e0 la norme NBN S 21-100.<\/p>\n\n\n\n<p>Gr\u00e2ce \u00e0 notre large gamme nous r\u00e9alisons avec soin l\u2019installation la plus adapter \u00e0 votre b\u00e2timent.<\/p>\n\n\n\n<p>Quelques soit votre projet nous avons une solution, n\u2019h\u00e9sitez pas \u00e0 nous contacter.<\/p>\n\n\n\n<figure class=\"wp-block-image size-large\"><img loading=\"lazy\" width=\"1024\" height=\"146\" src=\"https:\/\/mgsysteme.be\/wp-content\/uploads\/2021\/02\/banniere-1024x146.png\" alt=\"\" class=\"wp-image-197\" srcset=\"https:\/\/mgsysteme.be\/wp-content\/uploads\/2021\/02\/banniere-1024x146.png 1024w, https:\/\/mgsysteme.be\/wp-content\/uploads\/2021\/02\/banniere-300x43.png 300w, https:\/\/mgsysteme.be\/wp-content\/uploads\/2021\/02\/banniere-768x110.png 768w, https:\/\/mgsysteme.be\/wp-content\/uploads\/2021\/02\/banniere.png 1050w\" sizes=\"(max-width: 1024px) 100vw, 1024px\" \/><\/figure>\n\n\n\n<p><\/p>\n","protected":false},"excerpt":{"rendered":"<p>MG syst\u00e8me sprl, vous propose des installations de d\u00e9tections incendie de haute fiabilit\u00e9 et de qualit\u00e9 pour les habitations, les entreprises et ou encore vos g\u00eetes de vacances. Nous travaillons principalement avec la marque Inim, qui poss\u00e8de plus de 20ans d\u2019exp\u00e9rience dans le domaine de la s\u00e9curit\u00e9 incendie.&nbsp; Notre mat\u00e9riel est agr\u00e9\u00e9 Bosec, r\u00e9pondant \u00e0 [&hellip;]<\/p>\n","protected":false},"author":1,"featured_media":0,"parent":55,"menu_order":1,"comment_status":"closed","ping_status":"closed","template":"","meta":[],"_links":{"self":[{"href":"https:\/\/mgsysteme.be\/index.php\/wp-json\/wp\/v2\/pages\/183"}],"collection":[{"href":"https:\/\/mgsysteme.be\/index.php\/wp-json\/wp\/v2\/pages"}],"about":[{"href":"https:\/\/mgsysteme.be\/index.php\/wp-json\/wp\/v2\/types\/page"}],"author":[{"embeddable":true,"href":"https:\/\/mgsysteme.be\/index.php\/wp-json\/wp\/v2\/users\/1"}],"replies":[{"embeddable":true,"href":"https:\/\/mgsysteme.be\/index.php\/wp-json\/wp\/v2\/comments?post=183"}],"version-history":[{"count":2,"href":"https:\/\/mgsysteme.be\/index.php\/wp-json\/wp\/v2\/pages\/183\/revisions"}],"predecessor-version":[{"id":202,"href":"https:\/\/mgsysteme.be\/index.php\/wp-json\/wp\/v2\/pages\/183\/revisions\/202"}],"up":[{"embeddable":true,"href":"https:\/\/mgsysteme.be\/index.php\/wp-json\/wp\/v2\/pages\/55"}],"wp:attachment":[{"href":"https:\/\/mgsysteme.be\/index.php\/wp-json\/wp\/v2\/media?parent=183"}],"curies":[{"name":"wp","href":"https:\/\/api.w.org\/{rel}","templated":true}]}}