{"id":179,"date":"2021-02-10T18:59:29","date_gmt":"2021-02-10T17:59:29","guid":{"rendered":"http:\/\/mgsysteme.be\/?page_id=179"},"modified":"2021-02-10T20:04:14","modified_gmt":"2021-02-10T19:04:14","slug":"camera","status":"publish","type":"page","link":"https:\/\/mgsysteme.be\/index.php\/services\/camera\/","title":{"rendered":"Cam\u00e9ra"},"content":{"rendered":"\n<p>MG Syst\u00e8me Sprl s\u2019est sp\u00e9cialis\u00e9 dans l\u2019installations de syst\u00e8me de surveillance cam\u00e9ra et est une soci\u00e9t\u00e9 agr\u00e9\u00e9e au minist\u00e8re de l&rsquo;int\u00e9rieur, un gage de s\u00e9rieux et de qualit\u00e9 pour votre installation.<\/p>\n\n\n\n<p>Lors des derni\u00e8res ann\u00e9es, les syst\u00e8mes de surveillance par cam\u00e9ra ont pris une place de plus en plus grande dans la s\u00e9curisation des commerces, des petites et grandes entreprises et aussi dans le domaine r\u00e9sidentiel.<\/p>\n\n\n\n<p>Grace \u00e0 notre exp\u00e9rience dans le domaine et notre large \u00e9ventail de produit, nous vous proposons des syst\u00e8mes fiables et durable dans le temps.<\/p>\n\n\n\n<p>Ne perdez pas vos biens de vue.<\/p>\n\n\n\n<p>Peu importe o\u00f9 vous vous trouv\u00e9 vous pouvez \u00e0 tout moment, visualiser vos biens via une application gratuite.<\/p>\n\n\n\n<p>Quelques soit votre projet nous avons une solution, n\u2019h\u00e9sitez pas \u00e0 nous contacter.<\/p>\n\n\n\n<figure class=\"wp-block-image size-large\"><img loading=\"lazy\" width=\"1024\" height=\"146\" src=\"https:\/\/mgsysteme.be\/wp-content\/uploads\/2021\/02\/banniere-1024x146.png\" alt=\"\" class=\"wp-image-197\" srcset=\"https:\/\/mgsysteme.be\/wp-content\/uploads\/2021\/02\/banniere-1024x146.png 1024w, https:\/\/mgsysteme.be\/wp-content\/uploads\/2021\/02\/banniere-300x43.png 300w, https:\/\/mgsysteme.be\/wp-content\/uploads\/2021\/02\/banniere-768x110.png 768w, https:\/\/mgsysteme.be\/wp-content\/uploads\/2021\/02\/banniere.png 1050w\" sizes=\"(max-width: 1024px) 100vw, 1024px\" \/><\/figure>\n","protected":false},"excerpt":{"rendered":"<p>MG Syst\u00e8me Sprl s\u2019est sp\u00e9cialis\u00e9 dans l\u2019installations de syst\u00e8me de surveillance cam\u00e9ra et est une soci\u00e9t\u00e9 agr\u00e9\u00e9e au minist\u00e8re de l&rsquo;int\u00e9rieur, un gage de s\u00e9rieux et de qualit\u00e9 pour votre installation. Lors des derni\u00e8res ann\u00e9es, les syst\u00e8mes de surveillance par cam\u00e9ra ont pris une place de plus en plus grande dans la s\u00e9curisation des commerces, [&hellip;]<\/p>\n","protected":false},"author":1,"featured_media":0,"parent":55,"menu_order":1,"comment_status":"closed","ping_status":"closed","template":"","meta":[],"_links":{"self":[{"href":"https:\/\/mgsysteme.be\/index.php\/wp-json\/wp\/v2\/pages\/179"}],"collection":[{"href":"https:\/\/mgsysteme.be\/index.php\/wp-json\/wp\/v2\/pages"}],"about":[{"href":"https:\/\/mgsysteme.be\/index.php\/wp-json\/wp\/v2\/types\/page"}],"author":[{"embeddable":true,"href":"https:\/\/mgsysteme.be\/index.php\/wp-json\/wp\/v2\/users\/1"}],"replies":[{"embeddable":true,"href":"https:\/\/mgsysteme.be\/index.php\/wp-json\/wp\/v2\/comments?post=179"}],"version-history":[{"count":3,"href":"https:\/\/mgsysteme.be\/index.php\/wp-json\/wp\/v2\/pages\/179\/revisions"}],"predecessor-version":[{"id":205,"href":"https:\/\/mgsysteme.be\/index.php\/wp-json\/wp\/v2\/pages\/179\/revisions\/205"}],"up":[{"embeddable":true,"href":"https:\/\/mgsysteme.be\/index.php\/wp-json\/wp\/v2\/pages\/55"}],"wp:attachment":[{"href":"https:\/\/mgsysteme.be\/index.php\/wp-json\/wp\/v2\/media?parent=179"}],"curies":[{"name":"wp","href":"https:\/\/api.w.org\/{rel}","templated":true}]}}