{"id":175,"date":"2021-02-10T18:57:11","date_gmt":"2021-02-10T17:57:11","guid":{"rendered":"http:\/\/mgsysteme.be\/?page_id=175"},"modified":"2021-02-10T20:03:56","modified_gmt":"2021-02-10T19:03:56","slug":"alarme","status":"publish","type":"page","link":"https:\/\/mgsysteme.be\/index.php\/services\/alarme\/","title":{"rendered":"Alarme"},"content":{"rendered":"\n<p>MG Syst\u00e8me Sprl s\u2019est sp\u00e9cialis\u00e9 dans l\u2019installations de syst\u00e8me d\u2019alarme et est une soci\u00e9t\u00e9 agr\u00e9\u00e9e au minist\u00e8re de l&rsquo;int\u00e9rieur (N\u00b020 1878 12), un gage de s\u00e9rieux et de qualit\u00e9 pour votre installation.<\/p>\n\n\n\n<p>Nous travaillons principalement avec la marque Risco, qui est devenu un leader reconnu du march\u00e9 des solutions de s\u00e9curit\u00e9.<\/p>\n\n\n\n<p>Grace \u00e0 cette large gamme de produit, nous sommes en mesure de vous proposer des produits de s\u00e9curit\u00e9 fiables et de qualit\u00e9, pour chaque type d\u2019installation, tant pour les particuliers que pour les petites ou grandes entreprises.<\/p>\n\n\n\n<p>Pour r\u00e9pondre au mieux \u00e0 vos attente, nos syst\u00e8mes, dit hybride, offre l\u2019avantage de pouvoir combiner filaire et sans file.<\/p>\n\n\n\n<p>Les centrales que nous installons peuvent \u00eatre g\u00e9r\u00e9e via une application, vous pouvez armer-d\u00e9sarmer votre syst\u00e8me, consulter l\u2019historique et bien plus.<\/p>\n\n\n\n<p>Et cela d\u2019o\u00f9 vous le d\u00e9sirez et \u00e0 tout moment.<\/p>\n\n\n\n<p>Quelques soit votre projet nous avons une solution, n\u2019h\u00e9sitez pas \u00e0 nous contacter.<\/p>\n\n\n\n<figure class=\"wp-block-image size-large\"><img loading=\"lazy\" width=\"1024\" height=\"146\" src=\"https:\/\/mgsysteme.be\/wp-content\/uploads\/2021\/02\/banniere-1024x146.png\" alt=\"\" class=\"wp-image-197\" srcset=\"https:\/\/mgsysteme.be\/wp-content\/uploads\/2021\/02\/banniere-1024x146.png 1024w, https:\/\/mgsysteme.be\/wp-content\/uploads\/2021\/02\/banniere-300x43.png 300w, https:\/\/mgsysteme.be\/wp-content\/uploads\/2021\/02\/banniere-768x110.png 768w, https:\/\/mgsysteme.be\/wp-content\/uploads\/2021\/02\/banniere.png 1050w\" sizes=\"(max-width: 1024px) 100vw, 1024px\" \/><\/figure>\n\n\n\n<p><\/p>\n","protected":false},"excerpt":{"rendered":"<p>MG Syst\u00e8me Sprl s\u2019est sp\u00e9cialis\u00e9 dans l\u2019installations de syst\u00e8me d\u2019alarme et est une soci\u00e9t\u00e9 agr\u00e9\u00e9e au minist\u00e8re de l&rsquo;int\u00e9rieur (N\u00b020 1878 12), un gage de s\u00e9rieux et de qualit\u00e9 pour votre installation. Nous travaillons principalement avec la marque Risco, qui est devenu un leader reconnu du march\u00e9 des solutions de s\u00e9curit\u00e9. Grace \u00e0 cette large [&hellip;]<\/p>\n","protected":false},"author":1,"featured_media":0,"parent":55,"menu_order":1,"comment_status":"closed","ping_status":"closed","template":"","meta":[],"_links":{"self":[{"href":"https:\/\/mgsysteme.be\/index.php\/wp-json\/wp\/v2\/pages\/175"}],"collection":[{"href":"https:\/\/mgsysteme.be\/index.php\/wp-json\/wp\/v2\/pages"}],"about":[{"href":"https:\/\/mgsysteme.be\/index.php\/wp-json\/wp\/v2\/types\/page"}],"author":[{"embeddable":true,"href":"https:\/\/mgsysteme.be\/index.php\/wp-json\/wp\/v2\/users\/1"}],"replies":[{"embeddable":true,"href":"https:\/\/mgsysteme.be\/index.php\/wp-json\/wp\/v2\/comments?post=175"}],"version-history":[{"count":4,"href":"https:\/\/mgsysteme.be\/index.php\/wp-json\/wp\/v2\/pages\/175\/revisions"}],"predecessor-version":[{"id":204,"href":"https:\/\/mgsysteme.be\/index.php\/wp-json\/wp\/v2\/pages\/175\/revisions\/204"}],"up":[{"embeddable":true,"href":"https:\/\/mgsysteme.be\/index.php\/wp-json\/wp\/v2\/pages\/55"}],"wp:attachment":[{"href":"https:\/\/mgsysteme.be\/index.php\/wp-json\/wp\/v2\/media?parent=175"}],"curies":[{"name":"wp","href":"https:\/\/api.w.org\/{rel}","templated":true}]}}